{"id":1093,"date":"2016-03-21T14:36:19","date_gmt":"2016-03-21T13:36:19","guid":{"rendered":"https:\/\/www.lemasche.it\/cookie-policy\/"},"modified":"2016-03-21T14:36:19","modified_gmt":"2016-03-21T13:36:19","slug":"cookie-policy","status":"publish","type":"page","link":"https:\/\/www.lemasche.it\/en\/cookie-policy\/","title":{"rendered":"cookie policy"},"content":{"rendered":"<div id=\"content\" class=\"content\">\n<p>Il sito web <strong>www.lemasche.it<\/strong> utilizza i cookie e tecnologie simili per garantire il corretto funzionamento delle procedure e migliorare l\u2019esperienza di uso delle applicazioni online. Il presente documento fornisce informazioni dettagliate sull\u2019uso dei cookie e di tecnologie similari, su come sono utilizzati e su come gestirli.<\/p>\n<h2>Cosa sono i cookie?<\/h2>\n<p>I cookie sono informazioni immesse sul browser in uso quando visiti un sito web, i cookie vengono memorizzati all\u2019interno del proprio computer dai siti web visitati e contengono informazioni come, ad esempio, le preferenze relative alla navigazione all\u2019interno del sito e le informazioni automatiche di accesso al fine di migliorare l\u2019esperienza di navigazione.<\/p>\n<h2>Tipologie di Cookie utilizzati<\/h2>\n<p>A seguire i vari tipi di cookie utilizzati da\u00a0<strong>www.lemasche.it<\/strong> in funzione delle finalit\u00e0 d\u2019uso:<\/p>\n<h3>Cookie Tecnici<\/h3>\n<p>I cookie di questa categoria comprendono sia cookie persistenti che cookie di sessione. In assenza di tali cookie, il sito o alcune porzioni di esso potrebbero non funzionare correttamente. Pertanto, vengono sempre utilizzati, indipendentemente dalle preferenze dall\u2019utente. I cookie di questa categoria vengono sempre inviati dal nostro dominio. I cookie di questo tipo sono necessari per il corretto funzionamento di alcune aree del sito.<\/p>\n<h3>Cookie di terze parti<\/h3>\n<p>Visitando un sito web si possono ricevere cookie sia dal sito visitato (\u201cproprietari\u201d), sia da siti gestiti da altre organizzazioni (\u201cterze parti\u201d). Un esempio notevole \u00e8 rappresentato dalla presenza dei <strong>social plugin<\/strong> per <strong>Facebook<\/strong>, <strong>Twitter<\/strong>, <strong>Google+<\/strong> e <strong>Pinterest<\/strong>. Si tratta di parti della pagina visitata generate direttamente dai suddetti siti ed integrati nella pagina del sito ospitante. L\u2019utilizzo pi\u00f9 comune dei social plugin \u00e8 finalizzato alla condivisione dei contenuti sui social network.<\/p>\n<p>La presenza di questi <em>plugin<\/em> comporta la trasmissione di cookie da e verso tutti i siti gestiti da terze parti. La gestione delle informazioni raccolte da \u201cterze parti\u201d \u00e8 \u00a0disciplinata dalle relative informative cui si prega di fare riferimento. Per garantire una maggiore trasparenza e comodit\u00e0, si riportano qui di seguito \u00a0gli indirizzi web delle diverse informative e delle modalit\u00e0 per la gestione dei cookie.<\/p>\n<p><strong>Facebook<\/strong> informativa: <a href=\"https:\/\/www.facebook.com\/help\/cookies\/\">https:\/\/www.facebook.com\/help\/cookies\/<\/a><\/p>\n<p><strong>Twitter<\/strong> informative: <a href=\"https:\/\/support.twitter.com\/articles\/20170514\">https:\/\/support.twitter.com\/articles\/20170514<\/a><\/p>\n<p><strong>Google+<\/strong> informativa: <a href=\"http:\/\/www.google.it\/intl\/it\/policies\/technologies\/cookies\/\">http:\/\/www.google.it\/intl\/it\/policies\/technologies\/cookies\/<\/a><\/p>\n<p><strong>Pinterest <\/strong>informativa: <a href=\"https:\/\/about.pinterest.com\/it\/privacy-policy\">https:\/\/about.pinterest.com\/it\/privacy-policy<\/a><\/p>\n<h3>Cookie analitici<\/h3>\n<p>I cookie di questo tipo vengono utilizzati per raccogliere informazioni sull\u2019utilizzo del sito. Il Titolare usa tali informazioni per analisi statistiche, per migliorare il sito e semplificarne l\u2019utilizzo, oltre che per monitorarne il corretto funzionamento. Questo tipo di cookie raccoglie informazioni in <strong>forma anonima<\/strong> sull\u2019attivit\u00e0 degli utenti nel sito e sul modo in cui sono arrivati al Sito e alle pagine visitate. I cookie di questa categoria vengono inviati dal Sito stesso o da domini di terze parti.<\/p>\n<p>I sito <strong>nuovimondi.com<\/strong> include componenti trasmesse da Google Analytics, un servizio di analisi del traffico web fornito da Google, Inc. (\u201cGoogle\u201d). Anche in questo caso si tratta di cookie di terze parti raccolti e gestiti in modo anonimo per monitorare e migliorare le prestazioni del sito ospite (performance cookie).<\/p>\n<p>Per ulteriori informazioni, si rinvia al link di seguito indicato:<\/p>\n<p><a href=\"https:\/\/www.google.it\/policies\/privacy\/partners\/\">https:\/\/www.google.it\/policies\/privacy\/partners\/<\/a><\/p>\n<p>L\u2019utente pu\u00f2 disabilitare in modo selettivo l\u2019azione di Google Analytics installando sul proprio <em>browser<\/em> la componente di <em>opt-out<\/em> fornito da Google. Per disabilitare l\u2019azione di Google Analytics, si rinvia al link di seguito indicato:<\/p>\n<p><a href=\"https:\/\/tools.google.com\/dlpage\/gaoptout\">https:\/\/tools.google.com\/dlpage\/gaoptout<\/a><\/p>\n<h2>Come posso controllare l\u2019installazione di Cookie?<\/h2>\n<p>L\u2019utente pu\u00f2 decidere se accettare o meno i cookie utilizzando le impostazioni del proprio <em>browser<\/em>.<\/p>\n<p><strong>Attenzione<\/strong>: la disabilitazione totale o parziale dei cookie tecnici pu\u00f2 compromettere l\u2019utilizzo delle funzionalit\u00e0 del sito riservate agli utenti registrati. Al contrario, la fruibilit\u00e0 dei contenuti pubblici \u00e8 possibile anche disabilitando completamente i cookie.<\/p>\n<p>La disabilitazione dei cookie \u201cterze parti\u201d non pregiudica in alcun modo la navigabilit\u00e0.<\/p>\n<p>L\u2019impostazione pu\u00f2 essere definita in modo specifico per i diversi siti e applicazioni web. Inoltre i migliori <em>browser<\/em> consentono di definire impostazioni diverse per i cookie \u201cproprietari\u201d e per quelli di \u201cterze parti\u201d.<\/p>\n<p>Per maggiori informazioni segnaliamo i link dei maggiori browser utilizzati con le istruzioni per il settaggio dei cookie:<\/p>\n<p>Chrome: <a href=\"https:\/\/support.google.com\/chrome\/answer\/95647?hl=it\">https:\/\/support.google.com\/chrome\/answer\/95647?hl=it<\/a><\/p>\n<p>Firefox: <a href=\"https:\/\/support.mozilla.org\/it\/kb\/Gestione%20dei%20cookie\">https:\/\/support.mozilla.org\/it\/kb\/Gestione%20dei%20cookie<\/a><\/p>\n<p>Internet Explorer: <a href=\"http:\/\/windows.microsoft.com\/it-it\/windows7\/how-to-manage-cookies-in-internet-explorer-9\">http:\/\/windows.microsoft.com\/it-it\/windows7\/how-to-manage-cookies-in-internet-explorer-9<\/a><\/p>\n<p>Opera: <a href=\"http:\/\/help.opera.com\/Windows\/10.00\/it\/cookies.html\">http:\/\/help.opera.com\/Windows\/10.00\/it\/cookies.html<\/a><\/p>\n<p>Safari: <a href=\"http:\/\/support.apple.com\/kb\/HT1677?viewlocale=it_IT\">http:\/\/support.apple.com\/kb\/HT1677?viewlocale=it_IT<\/a><\/p>\n<h2>Titolare del Trattamento dei Dati<\/h2>\n<p><strong>AZIENDA AGRICOLA LE MASCHE di Lorenzo Simone<\/strong>, con sede in Via Rivara 15 10070 LEVONE (TO), \u00e8 il titolare del trattamento mentre, conformemente all\u2019art. 29 del D.Lgs 196\/03, il Sig. <strong>Lorenzo Simone<\/strong> \u00e8 il Responsabile del trattamento stesso.<\/p>\n<p>Dal momento che l\u2019installazione di Cookie e di altri sistemi di tracciamento operata da terze parti tramite i servizi utilizzati all\u2019interno di questa Applicazione non pu\u00f2 essere tecnicamente controllata dal Titolare, ogni riferimento specifico a Cookie e sistemi di tracciamento installati da terze parti \u00e8 da considerarsi indicativo. Per ottenere informazioni complete, consulta la <a href=\"https:\/\/www.lemasche.it\/privacy\/\">privacy policy<\/a> degli eventuali servizi terzi elencati in questo documento.<\/p>\n<p>Vista l\u2019oggettiva complessit\u00e0 legata all\u2019identificazione delle tecnologie basate sui Cookie ed alla loro integrazione molto stretta con il funzionamento del web, l\u2019Utente \u00e8 invitato a contattare il Titolare qualora volesse ricevere qualunque approfondimento relativo all\u2019utilizzo dei Cookie stessi e ad eventuali utilizzi degli stessi \u2013 ad esempio ad opera di terzi \u2013 effettuati tramite questo sito.<\/p>\n<\/div>\n","protected":false},"excerpt":{"rendered":"<p>Il sito web www.lemasche.it utilizza i cookie e tecnologie simili per garantire il corretto funzionamento delle procedure e migliorare l\u2019esperienza di uso delle applicazioni online. Il presente documento fornisce informazioni dettagliate sull\u2019uso dei cookie e di tecnologie similari, su come sono utilizzati e su come gestirli. Cosa sono i cookie? I cookie sono informazioni immesse&hellip;<\/p>\n","protected":false},"author":1,"featured_media":0,"parent":0,"menu_order":0,"comment_status":"closed","ping_status":"closed","template":"","meta":{"footnotes":""},"class_list":["post-1093","page","type-page","status-publish","hentry","description-off"],"yoast_head":"<!-- This site is optimized with the Yoast SEO plugin v26.0 - https:\/\/yoast.com\/wordpress\/plugins\/seo\/ -->\n<title>cookie policy - Azienda agricola Le Masche<\/title>\n<meta name=\"robots\" content=\"index, follow, max-snippet:-1, max-image-preview:large, max-video-preview:-1\" \/>\n<link rel=\"canonical\" href=\"https:\/\/www.lemasche.it\/en\/cookie-policy\/\" \/>\n<meta property=\"og:locale\" content=\"en_US\" \/>\n<meta property=\"og:type\" content=\"article\" \/>\n<meta property=\"og:title\" content=\"cookie policy - Azienda agricola Le Masche\" \/>\n<meta property=\"og:description\" content=\"Il sito web www.lemasche.it utilizza i cookie e tecnologie simili per garantire il corretto funzionamento delle procedure e migliorare l\u2019esperienza di uso delle applicazioni online. Il presente documento fornisce informazioni dettagliate sull\u2019uso dei cookie e di tecnologie similari, su come sono utilizzati e su come gestirli. Cosa sono i cookie? I cookie sono informazioni immesse&hellip;\" \/>\n<meta property=\"og:url\" content=\"https:\/\/www.lemasche.it\/en\/cookie-policy\/\" \/>\n<meta property=\"og:site_name\" content=\"Azienda agricola Le Masche\" \/>\n<meta property=\"og:image\" content=\"https:\/\/www.lemasche.it\/wp-content\/uploads\/2015\/12\/le-masche-azienda-agricola-levone-12.jpg\" \/>\n\t<meta property=\"og:image:width\" content=\"800\" \/>\n\t<meta property=\"og:image:height\" content=\"496\" \/>\n\t<meta property=\"og:image:type\" content=\"image\/jpeg\" \/>\n<meta name=\"twitter:card\" content=\"summary_large_image\" \/>\n<meta name=\"twitter:label1\" content=\"Est. reading time\" \/>\n\t<meta name=\"twitter:data1\" content=\"4 minutes\" \/>\n<script type=\"application\/ld+json\" class=\"yoast-schema-graph\">{\"@context\":\"https:\/\/schema.org\",\"@graph\":[{\"@type\":\"WebPage\",\"@id\":\"https:\/\/www.lemasche.it\/en\/cookie-policy\/\",\"url\":\"https:\/\/www.lemasche.it\/en\/cookie-policy\/\",\"name\":\"cookie policy - Azienda agricola Le Masche\",\"isPartOf\":{\"@id\":\"https:\/\/www.lemasche.it\/#website\"},\"datePublished\":\"2016-03-21T13:36:19+00:00\",\"breadcrumb\":{\"@id\":\"https:\/\/www.lemasche.it\/en\/cookie-policy\/#breadcrumb\"},\"inLanguage\":\"en-US\",\"potentialAction\":[{\"@type\":\"ReadAction\",\"target\":[\"https:\/\/www.lemasche.it\/en\/cookie-policy\/\"]}]},{\"@type\":\"BreadcrumbList\",\"@id\":\"https:\/\/www.lemasche.it\/en\/cookie-policy\/#breadcrumb\",\"itemListElement\":[{\"@type\":\"ListItem\",\"position\":1,\"name\":\"Home\",\"item\":\"https:\/\/www.lemasche.it\/en\/\"},{\"@type\":\"ListItem\",\"position\":2,\"name\":\"cookie policy\"}]},{\"@type\":\"WebSite\",\"@id\":\"https:\/\/www.lemasche.it\/#website\",\"url\":\"https:\/\/www.lemasche.it\/\",\"name\":\"Azienda agricola Le Masche\",\"description\":\"Produzione Vino Alto Canavese\",\"publisher\":{\"@id\":\"https:\/\/www.lemasche.it\/#organization\"},\"potentialAction\":[{\"@type\":\"SearchAction\",\"target\":{\"@type\":\"EntryPoint\",\"urlTemplate\":\"https:\/\/www.lemasche.it\/?s={search_term_string}\"},\"query-input\":{\"@type\":\"PropertyValueSpecification\",\"valueRequired\":true,\"valueName\":\"search_term_string\"}}],\"inLanguage\":\"en-US\"},{\"@type\":\"Organization\",\"@id\":\"https:\/\/www.lemasche.it\/#organization\",\"name\":\"Azienda Agfricola le masche\",\"url\":\"https:\/\/www.lemasche.it\/\",\"logo\":{\"@type\":\"ImageObject\",\"inLanguage\":\"en-US\",\"@id\":\"https:\/\/www.lemasche.it\/#\/schema\/logo\/image\/\",\"url\":\"https:\/\/www.lemasche.it\/wp-content\/uploads\/2016\/01\/lemasche-logo-1.png\",\"contentUrl\":\"https:\/\/www.lemasche.it\/wp-content\/uploads\/2016\/01\/lemasche-logo-1.png\",\"width\":200,\"height\":97,\"caption\":\"Azienda Agfricola le masche\"},\"image\":{\"@id\":\"https:\/\/www.lemasche.it\/#\/schema\/logo\/image\/\"}}]}<\/script>\n<!-- \/ Yoast SEO plugin. -->","yoast_head_json":{"title":"cookie policy - Azienda agricola Le Masche","robots":{"index":"index","follow":"follow","max-snippet":"max-snippet:-1","max-image-preview":"max-image-preview:large","max-video-preview":"max-video-preview:-1"},"canonical":"https:\/\/www.lemasche.it\/en\/cookie-policy\/","og_locale":"en_US","og_type":"article","og_title":"cookie policy - Azienda agricola Le Masche","og_description":"Il sito web www.lemasche.it utilizza i cookie e tecnologie simili per garantire il corretto funzionamento delle procedure e migliorare l\u2019esperienza di uso delle applicazioni online. Il presente documento fornisce informazioni dettagliate sull\u2019uso dei cookie e di tecnologie similari, su come sono utilizzati e su come gestirli. Cosa sono i cookie? I cookie sono informazioni immesse&hellip;","og_url":"https:\/\/www.lemasche.it\/en\/cookie-policy\/","og_site_name":"Azienda agricola Le Masche","og_image":[{"width":800,"height":496,"url":"https:\/\/www.lemasche.it\/wp-content\/uploads\/2015\/12\/le-masche-azienda-agricola-levone-12.jpg","type":"image\/jpeg"}],"twitter_card":"summary_large_image","twitter_misc":{"Est. reading time":"4 minutes"},"schema":{"@context":"https:\/\/schema.org","@graph":[{"@type":"WebPage","@id":"https:\/\/www.lemasche.it\/en\/cookie-policy\/","url":"https:\/\/www.lemasche.it\/en\/cookie-policy\/","name":"cookie policy - Azienda agricola Le Masche","isPartOf":{"@id":"https:\/\/www.lemasche.it\/#website"},"datePublished":"2016-03-21T13:36:19+00:00","breadcrumb":{"@id":"https:\/\/www.lemasche.it\/en\/cookie-policy\/#breadcrumb"},"inLanguage":"en-US","potentialAction":[{"@type":"ReadAction","target":["https:\/\/www.lemasche.it\/en\/cookie-policy\/"]}]},{"@type":"BreadcrumbList","@id":"https:\/\/www.lemasche.it\/en\/cookie-policy\/#breadcrumb","itemListElement":[{"@type":"ListItem","position":1,"name":"Home","item":"https:\/\/www.lemasche.it\/en\/"},{"@type":"ListItem","position":2,"name":"cookie policy"}]},{"@type":"WebSite","@id":"https:\/\/www.lemasche.it\/#website","url":"https:\/\/www.lemasche.it\/","name":"Azienda agricola Le Masche","description":"Produzione Vino Alto Canavese","publisher":{"@id":"https:\/\/www.lemasche.it\/#organization"},"potentialAction":[{"@type":"SearchAction","target":{"@type":"EntryPoint","urlTemplate":"https:\/\/www.lemasche.it\/?s={search_term_string}"},"query-input":{"@type":"PropertyValueSpecification","valueRequired":true,"valueName":"search_term_string"}}],"inLanguage":"en-US"},{"@type":"Organization","@id":"https:\/\/www.lemasche.it\/#organization","name":"Azienda Agfricola le masche","url":"https:\/\/www.lemasche.it\/","logo":{"@type":"ImageObject","inLanguage":"en-US","@id":"https:\/\/www.lemasche.it\/#\/schema\/logo\/image\/","url":"https:\/\/www.lemasche.it\/wp-content\/uploads\/2016\/01\/lemasche-logo-1.png","contentUrl":"https:\/\/www.lemasche.it\/wp-content\/uploads\/2016\/01\/lemasche-logo-1.png","width":200,"height":97,"caption":"Azienda Agfricola le masche"},"image":{"@id":"https:\/\/www.lemasche.it\/#\/schema\/logo\/image\/"}}]}},"_links":{"self":[{"href":"https:\/\/www.lemasche.it\/en\/wp-json\/wp\/v2\/pages\/1093","targetHints":{"allow":["GET"]}}],"collection":[{"href":"https:\/\/www.lemasche.it\/en\/wp-json\/wp\/v2\/pages"}],"about":[{"href":"https:\/\/www.lemasche.it\/en\/wp-json\/wp\/v2\/types\/page"}],"author":[{"embeddable":true,"href":"https:\/\/www.lemasche.it\/en\/wp-json\/wp\/v2\/users\/1"}],"replies":[{"embeddable":true,"href":"https:\/\/www.lemasche.it\/en\/wp-json\/wp\/v2\/comments?post=1093"}],"version-history":[{"count":0,"href":"https:\/\/www.lemasche.it\/en\/wp-json\/wp\/v2\/pages\/1093\/revisions"}],"wp:attachment":[{"href":"https:\/\/www.lemasche.it\/en\/wp-json\/wp\/v2\/media?parent=1093"}],"curies":[{"name":"wp","href":"https:\/\/api.w.org\/{rel}","templated":true}]}}